{"id":3124,"date":"2023-08-24T16:10:50","date_gmt":"2023-08-24T14:10:50","guid":{"rendered":"https:\/\/medienplattform.wmk-karlsruhe.de\/?page_id=3124"},"modified":"2023-09-27T15:08:46","modified_gmt":"2023-09-27T13:08:46","slug":"true-crime-podcasts","status":"publish","type":"page","link":"https:\/\/medienplattform.wmk-karlsruhe.de\/wmk-karlsruhe-de-medienplattform\/true-crime-podcasts\/","title":{"rendered":"True-Crime-Podcasts"},"content":{"rendered":"\r\n<figure class=\"wp-block-image size-large\"><a href=\"https:\/\/medienplattform.wmk-karlsruhe.de\/wmk-karlsruhe-de-medienplattform\/wp-content\/uploads\/Audiofeature-Bild-scaled.jpg\"><img loading=\"lazy\" decoding=\"async\" width=\"2400\" height=\"1600\" src=\"https:\/\/medienplattform.wmk-karlsruhe.de\/wmk-karlsruhe-de-medienplattform\/wp-content\/uploads\/Audiofeature-Bild-2400x1600.jpg\" alt=\"\" class=\"wp-image-3125\" srcset=\"https:\/\/medienplattform.wmk-karlsruhe.de\/wmk-karlsruhe-de-medienplattform\/wp-content\/uploads\/Audiofeature-Bild-2400x1600.jpg 2400w, https:\/\/medienplattform.wmk-karlsruhe.de\/wmk-karlsruhe-de-medienplattform\/wp-content\/uploads\/Audiofeature-Bild-1200x800.jpg 1200w, https:\/\/medienplattform.wmk-karlsruhe.de\/wmk-karlsruhe-de-medienplattform\/wp-content\/uploads\/Audiofeature-Bild-768x512.jpg 768w, https:\/\/medienplattform.wmk-karlsruhe.de\/wmk-karlsruhe-de-medienplattform\/wp-content\/uploads\/Audiofeature-Bild-1536x1024.jpg 1536w, https:\/\/medienplattform.wmk-karlsruhe.de\/wmk-karlsruhe-de-medienplattform\/wp-content\/uploads\/Audiofeature-Bild-2048x1365.jpg 2048w, https:\/\/medienplattform.wmk-karlsruhe.de\/wmk-karlsruhe-de-medienplattform\/wp-content\/uploads\/Audiofeature-Bild-500x333.jpg 500w, https:\/\/medienplattform.wmk-karlsruhe.de\/wmk-karlsruhe-de-medienplattform\/wp-content\/uploads\/Audiofeature-Bild-1420x947.jpg 1420w, https:\/\/medienplattform.wmk-karlsruhe.de\/wmk-karlsruhe-de-medienplattform\/wp-content\/uploads\/Audiofeature-Bild-920x613.jpg 920w\" sizes=\"(max-width: 2400px) 100vw, 2400px\" \/><\/a><\/figure>\r\n\r\n\r\n\r\n<p>Kaum ein True-Crime-Podcast kommt ohne Triggerwarnung aus. Oft werden verst\u00f6rende Einblicke in wahre Verbrechen gegeben. Trotzdem werden sie massig angeh\u00f6rt &#8211; vor allem von Frauen. Bei M\u00e4nnern hingegen bleibt das Interesse weitestgehend aus.&nbsp; Aber wieso werden ausgerechnet Frauen von True-Crime-Podcasts so gepackt? Diesen Fragen sind vier Studierende im Rahmen einer Lehrredaktion nachgegangen. In ihrem Audio-Feature versuchen sie,&nbsp;eine Erkl\u00e4rung f\u00fcr das Ph\u00e4nomen zu finden.<\/p>\r\n\r\n\r\n\r\n<div class=\"wp-block-buttons is-layout-flex wp-block-buttons-is-layout-flex\">\r\n<div class=\"wp-block-button is-style-outline is-style-outline--93650b1105b015e1a79f1c42cf3e1d72\"><a class=\"wp-block-button__link wp-element-button\" href=\"https:\/\/www.campusradio-karlsruhe.de\/2023\/08\/10\/nur-was-fuer-die-harte-kerlin\/\" target=\"_blank\" rel=\"noreferrer noopener\">Hier geht&#8217;s zum Podcast!<\/a><\/div>\r\n\r\n\r\n<\/div>\r\n\r\n\r\n\r\n<p><\/p>\r\n\r\n\r\n\r\n<p class=\"has-luminous-vivid-amber-background-color has-background\"><strong>Seminarleitung:<\/strong> Julia Weller<br>Sommersemester 2023<\/p>\r\n\r\n\r\n\r\n<p><\/p>\r\n","protected":false},"excerpt":{"rendered":"<p>Kaum ein True-Crime-Podcast kommt ohne Triggerwarnung aus. Oft werden verst\u00f6rende Einblicke in wahre Verbrechen gegeben. Trotzdem werden sie massig angeh\u00f6rt &#8211; vor allem von Frauen. Bei M\u00e4nnern hingegen bleibt das Interesse weitestgehend aus.&nbsp; Aber wieso werden ausgerechnet Frauen von True-Crime-Podcasts so gepackt? Diesen Fragen sind vier Studierende im Rahmen einer Lehrredaktion nachgegangen. In ihrem Audio-Feature <a href=\"https:\/\/medienplattform.wmk-karlsruhe.de\/wmk-karlsruhe-de-medienplattform\/true-crime-podcasts\/\" class=\"more-link\">&hellip; <span class=\"screen-reader-text\">True-Crime-Podcasts weiterlesen<\/span><\/a><\/p>\n","protected":false},"author":9,"featured_media":3127,"parent":0,"menu_order":0,"comment_status":"closed","ping_status":"closed","template":"","meta":{"footnotes":""},"class_list":{"0":"post-3124","1":"page","2":"type-page","3":"status-publish","4":"has-post-thumbnail","6":"entry"},"_links":{"self":[{"href":"https:\/\/medienplattform.wmk-karlsruhe.de\/wmk-karlsruhe-de-medienplattform\/wp-json\/wp\/v2\/pages\/3124"}],"collection":[{"href":"https:\/\/medienplattform.wmk-karlsruhe.de\/wmk-karlsruhe-de-medienplattform\/wp-json\/wp\/v2\/pages"}],"about":[{"href":"https:\/\/medienplattform.wmk-karlsruhe.de\/wmk-karlsruhe-de-medienplattform\/wp-json\/wp\/v2\/types\/page"}],"author":[{"embeddable":true,"href":"https:\/\/medienplattform.wmk-karlsruhe.de\/wmk-karlsruhe-de-medienplattform\/wp-json\/wp\/v2\/users\/9"}],"replies":[{"embeddable":true,"href":"https:\/\/medienplattform.wmk-karlsruhe.de\/wmk-karlsruhe-de-medienplattform\/wp-json\/wp\/v2\/comments?post=3124"}],"version-history":[{"count":5,"href":"https:\/\/medienplattform.wmk-karlsruhe.de\/wmk-karlsruhe-de-medienplattform\/wp-json\/wp\/v2\/pages\/3124\/revisions"}],"predecessor-version":[{"id":3132,"href":"https:\/\/medienplattform.wmk-karlsruhe.de\/wmk-karlsruhe-de-medienplattform\/wp-json\/wp\/v2\/pages\/3124\/revisions\/3132"}],"wp:featuredmedia":[{"embeddable":true,"href":"https:\/\/medienplattform.wmk-karlsruhe.de\/wmk-karlsruhe-de-medienplattform\/wp-json\/wp\/v2\/media\/3127"}],"wp:attachment":[{"href":"https:\/\/medienplattform.wmk-karlsruhe.de\/wmk-karlsruhe-de-medienplattform\/wp-json\/wp\/v2\/media?parent=3124"}],"curies":[{"name":"wp","href":"https:\/\/api.w.org\/{rel}","templated":true}]}}