{"id":2985,"date":"2022-08-25T10:27:35","date_gmt":"2022-08-25T08:27:35","guid":{"rendered":"https:\/\/medienplattform.wmk-karlsruhe.de\/?page_id=2985"},"modified":"2023-06-14T14:17:06","modified_gmt":"2023-06-14T12:17:06","slug":"pfas-in-mittelbaden-ein-vergessener-skandal","status":"publish","type":"page","link":"https:\/\/medienplattform.wmk-karlsruhe.de\/wmk-karlsruhe-de-medienplattform\/pfas-in-mittelbaden-ein-vergessener-skandal\/","title":{"rendered":"PFAS in Mittelbaden \u2013\u00a0Ein vergessener Skandal?"},"content":{"rendered":"<div class=\"wp-block-image is-style-default\">\r\n<figure class=\"alignright size-full is-resized\"><a href=\"https:\/\/medienplattform.wmk-karlsruhe.de\/wmk-karlsruhe-de-medienplattform\/wp-content\/uploads\/Spargel.png\"><img decoding=\"async\" src=\"https:\/\/medienplattform.wmk-karlsruhe.de\/wmk-karlsruhe-de-medienplattform\/wp-content\/uploads\/Spargel.png\" alt=\"\" class=\"wp-image-2989\" width=\"167\"\/><\/a><figcaption class=\"wp-element-caption\">Illustration einer Spargelstange \u00a9 Raminta Gudelyte<\/figcaption><\/figure><\/div>\r\n\r\n\r\n<p>\u201eZehn Jahre Umweltskandal in Mittelbaden\u201c, das ist ein Jubil\u00e4um, \u00fcber das sich niemand freuen d\u00fcrfte. 1215 Hektar Ackerfl\u00e4che und mehr als 58 Quadratkilometer des Grundwassers sind zwischen Rastatt und B\u00fchl mit per- und polyfluorierten Chemikalien (PFAS\/PFC) belastet, mit weitreichenden Folgen von unbekannter Dauer f\u00fcr die gesamte Region.<\/p>\r\n\r\n\r\n\r\n<p>\u00dcber mehrere Monate hinweg besch\u00e4ftigten sich 13 Studierende der journalistischen Lehrredaktion des Studiengangs \u201eWissenschaft \u2013 Medien \u2013 Kommunikation\u201c (WMK) am KIT unter Leitung der Biologin und Wissenschaftsjournalistin <a rel=\"noreferrer noopener\" href=\"https:\/\/twitter.com\/pfasdilemma\" target=\"_blank\">Patricia Klatt<\/a> mit diesem vielschichtigen Umweltproblem direkt vor unserer Haust\u00fcr.<\/p>\r\n\r\n\r\n\r\n<p>Am Anfang der Lehrredaktion standen intensive Recherchen \u00fcber den PFAS\/PFC-Skandal in Mittelbaden; er war den Studierenden nicht bekannt und so stellte sich schon in der ersten halben Stunde die grunds\u00e4tzliche Frage nach der Information und Kommunikation dar\u00fcber &#8211; ist es tats\u00e4chlich ein &#8222;vergessener Skandal&#8220;? In zwei Gruppen wandten die Studierenden sich im Anschluss dem Thema zu.<\/p>\r\n\r\n\r\n\r\n<p>Eine Gruppe besch\u00e4ftigte sich mit diversen Details und Hintergr\u00fcnden der Belastung. Daf\u00fcr stellten sie Presseanfragen an Firmen und Beh\u00f6rden, f\u00fchrten Vor-Ort-Interviews und besuchten Forschungseinrichtungen.<\/p>\r\n\r\n\r\n\r\n<p>Die andere Gruppe untersuchte die Kommunikation \u00fcber PFAS\/PFC in Mittelbaden: Wie und wo wird informiert? Welche Kan\u00e4le werden \u201ebespielt\u201c und wer ist \u00fcberhaupt die Zielgruppe des Ganzen? Zeitungsartikel und Social-Media wurden durchforstet und Diskussionen mit Landratsamt und Regierungspr\u00e4sidium gef\u00fchrt. Nicht alle Fragen konnten dabei zufriedenstellend beantwortet werden.<\/p>\r\n\r\n\r\n\r\n<p>Aus diesen beiden Bereichen ergab sich dann f\u00fcr die Studierenden die Notwendigkeit, weiter in die Tiefe zu gehen und sie recherchierten, wie und wo man sich \u00fcberhaupt \u00fcber PFAS informieren kann und welche PFAS-freien Alternativen es bereits gibt?<\/p>\r\n\r\n\r\n\r\n<p>Entstanden ist abschlie\u00dfend eine Brosch\u00fcre, die drei Themenbl\u00f6cke adressiert: die Betroffenheit, die Kommunikation und \u201ePFAS-frei\u201c.<\/p>\r\n\r\n\r\n\r\n<p>Das Projekt fand als Kombination aus Pr\u00e4senzterminen und Online-Konferenzen statt. Ulrike Mader und Nicolaz Groll unterst\u00fctzten die Studierenden bei der Erstellung der Brosch\u00fcre.<\/p>\r\n\r\n\r\n\r\n<p>Weitere Informationen zu den PFAS finden sich auch im letztj\u00e4hrigen PFAS-Dossier <a href=\"https:\/\/medienplattform.wmk-karlsruhe.de\/wmk-karlsruhe-de-medienplattform\/per-und-polyfluorierte-chemikalien-fluch-oder-segen-der-modernen-zeit\/\">Per- und polyfluorierte Chemikalien \u2013 Fluch oder Segen der modernen Zeit?<\/a>, das ebenfalls von Studierenden des Studiengangs WMK erarbeitet wurde.<\/p>\r\n\r\n\r\n\r\n<div class=\"wp-block-file aligncenter\"><a id=\"wp-block-file--media-22252b94-aa8c-4be3-b080-d7c27174b806\" href=\"https:\/\/medienplattform.wmk-karlsruhe.de\/wmk-karlsruhe-de-medienplattform\/wp-content\/uploads\/Endversion-PFAS-Mittelbaden-KIT-KLatt-24-08-2022-qualitativ-hochwertiger-Druck.pdf\">Brosch\u00fcre &#8222;PFAS in Mittelbaden \u2013 Ein vergessener Skandal?&#8220;<\/a><a href=\"https:\/\/medienplattform.wmk-karlsruhe.de\/wmk-karlsruhe-de-medienplattform\/wp-content\/uploads\/Endversion-PFAS-Mittelbaden-KIT-KLatt-24-08-2022-qualitativ-hochwertiger-Druck.pdf\" class=\"wp-block-file__button wp-element-button\" download aria-describedby=\"wp-block-file--media-22252b94-aa8c-4be3-b080-d7c27174b806\">Herunterladen<\/a><\/div>\r\n\r\n\r\n\r\n<p class=\"has-background\" style=\"background-color:#e9c531cc\"><strong>Seminarleitung:<\/strong> Patricia Klatt<br>Sommersemester 2022<\/p>\r\n","protected":false},"excerpt":{"rendered":"<p>\u201eZehn Jahre Umweltskandal in Mittelbaden\u201c, das ist ein Jubil\u00e4um, \u00fcber das sich niemand freuen d\u00fcrfte. 1215 Hektar Ackerfl\u00e4che und mehr als 58 Quadratkilometer des Grundwassers sind zwischen Rastatt und B\u00fchl mit per- und polyfluorierten Chemikalien (PFAS\/PFC) belastet, mit weitreichenden Folgen von unbekannter Dauer f\u00fcr die gesamte Region. \u00dcber mehrere Monate hinweg besch\u00e4ftigten sich 13 Studierende <a href=\"https:\/\/medienplattform.wmk-karlsruhe.de\/wmk-karlsruhe-de-medienplattform\/pfas-in-mittelbaden-ein-vergessener-skandal\/\" class=\"more-link\">&hellip; <span class=\"screen-reader-text\">PFAS in Mittelbaden \u2013\u00a0Ein vergessener Skandal? weiterlesen<\/span><\/a><\/p>\n","protected":false},"author":8,"featured_media":2994,"parent":0,"menu_order":0,"comment_status":"closed","ping_status":"closed","template":"","meta":{"footnotes":""},"class_list":{"0":"post-2985","1":"page","2":"type-page","3":"status-publish","4":"has-post-thumbnail","6":"entry"},"_links":{"self":[{"href":"https:\/\/medienplattform.wmk-karlsruhe.de\/wmk-karlsruhe-de-medienplattform\/wp-json\/wp\/v2\/pages\/2985"}],"collection":[{"href":"https:\/\/medienplattform.wmk-karlsruhe.de\/wmk-karlsruhe-de-medienplattform\/wp-json\/wp\/v2\/pages"}],"about":[{"href":"https:\/\/medienplattform.wmk-karlsruhe.de\/wmk-karlsruhe-de-medienplattform\/wp-json\/wp\/v2\/types\/page"}],"author":[{"embeddable":true,"href":"https:\/\/medienplattform.wmk-karlsruhe.de\/wmk-karlsruhe-de-medienplattform\/wp-json\/wp\/v2\/users\/8"}],"replies":[{"embeddable":true,"href":"https:\/\/medienplattform.wmk-karlsruhe.de\/wmk-karlsruhe-de-medienplattform\/wp-json\/wp\/v2\/comments?post=2985"}],"version-history":[{"count":12,"href":"https:\/\/medienplattform.wmk-karlsruhe.de\/wmk-karlsruhe-de-medienplattform\/wp-json\/wp\/v2\/pages\/2985\/revisions"}],"predecessor-version":[{"id":3101,"href":"https:\/\/medienplattform.wmk-karlsruhe.de\/wmk-karlsruhe-de-medienplattform\/wp-json\/wp\/v2\/pages\/2985\/revisions\/3101"}],"wp:featuredmedia":[{"embeddable":true,"href":"https:\/\/medienplattform.wmk-karlsruhe.de\/wmk-karlsruhe-de-medienplattform\/wp-json\/wp\/v2\/media\/2994"}],"wp:attachment":[{"href":"https:\/\/medienplattform.wmk-karlsruhe.de\/wmk-karlsruhe-de-medienplattform\/wp-json\/wp\/v2\/media?parent=2985"}],"curies":[{"name":"wp","href":"https:\/\/api.w.org\/{rel}","templated":true}]}}