{"id":2966,"date":"2021-08-11T13:34:24","date_gmt":"2021-08-11T11:34:24","guid":{"rendered":"https:\/\/medienplattform.wmk-karlsruhe.de\/?page_id=2966"},"modified":"2023-06-14T14:00:16","modified_gmt":"2023-06-14T12:00:16","slug":"back-to-future","status":"publish","type":"page","link":"https:\/\/medienplattform.wmk-karlsruhe.de\/wmk-karlsruhe-de-medienplattform\/back-to-future\/","title":{"rendered":"Back to Future"},"content":{"rendered":"\r\n<figure class=\"wp-block-image size-large\"><a href=\"https:\/\/medienplattform.wmk-karlsruhe.de\/wmk-karlsruhe-de-medienplattform\/wp-content\/uploads\/Visionen-erschaffen_Header-scaled-1.jpg\"><img loading=\"lazy\" decoding=\"async\" width=\"2400\" height=\"1600\" src=\"https:\/\/medienplattform.wmk-karlsruhe.de\/wmk-karlsruhe-de-medienplattform\/wp-content\/uploads\/Visionen-erschaffen_Header-scaled-1-2400x1600.jpg\" alt=\"\" class=\"wp-image-2968\" srcset=\"https:\/\/medienplattform.wmk-karlsruhe.de\/wmk-karlsruhe-de-medienplattform\/wp-content\/uploads\/Visionen-erschaffen_Header-scaled-1-2400x1600.jpg 2400w, https:\/\/medienplattform.wmk-karlsruhe.de\/wmk-karlsruhe-de-medienplattform\/wp-content\/uploads\/Visionen-erschaffen_Header-scaled-1-1200x800.jpg 1200w, https:\/\/medienplattform.wmk-karlsruhe.de\/wmk-karlsruhe-de-medienplattform\/wp-content\/uploads\/Visionen-erschaffen_Header-scaled-1-768x512.jpg 768w, https:\/\/medienplattform.wmk-karlsruhe.de\/wmk-karlsruhe-de-medienplattform\/wp-content\/uploads\/Visionen-erschaffen_Header-scaled-1-1536x1024.jpg 1536w, https:\/\/medienplattform.wmk-karlsruhe.de\/wmk-karlsruhe-de-medienplattform\/wp-content\/uploads\/Visionen-erschaffen_Header-scaled-1-2048x1366.jpg 2048w, https:\/\/medienplattform.wmk-karlsruhe.de\/wmk-karlsruhe-de-medienplattform\/wp-content\/uploads\/Visionen-erschaffen_Header-scaled-1-500x333.jpg 500w, https:\/\/medienplattform.wmk-karlsruhe.de\/wmk-karlsruhe-de-medienplattform\/wp-content\/uploads\/Visionen-erschaffen_Header-scaled-1-1420x947.jpg 1420w, https:\/\/medienplattform.wmk-karlsruhe.de\/wmk-karlsruhe-de-medienplattform\/wp-content\/uploads\/Visionen-erschaffen_Header-scaled-1-920x613.jpg 920w\" sizes=\"(max-width: 2400px) 100vw, 2400px\" \/><\/a><\/figure>\r\n\r\n\r\n\r\n<p>Im Rahmen der Lehrveranstaltung <em>Medien- und \u00d6ffentlichkeitsarbeit<\/em> haben Studierende in Zusammenarbeit mit dem <a href=\"https:\/\/www.lebenx0.de\/\">Museum f\u00fcr Kommunikation<\/a> verschiedene Perspektiven auf die Konzeption, Durchf\u00fchrung und Kommunikation der \u201eBack to Future\u201c Ausstellung erarbeitet und in Blogbeitr\u00e4gen zusammengef\u00fchrt.<\/p>\r\n\r\n\r\n\r\n<h2 class=\"wp-block-heading\">Beitr\u00e4ge<\/h2>\r\n\r\n\r\n\r\n<ul class=\"wp-block-list\">\r\n<li><a href=\"https:\/\/www.lebenx0.de\/visionen_erschaffen\/\">Visionen erschaffen und abtauchen in andere Welten<\/a><\/li>\r\n\r\n\r\n\r\n<li><a href=\"https:\/\/www.lebenx0.de\/von_der_idee_zum_konzept\/\">\u201eBack to Future\u201c: Von der Idee zum Konzept<\/a><\/li>\r\n\r\n\r\n\r\n<li><a href=\"https:\/\/www.lebenx0.de\/kein_tag_wie_der_andere\/\">Kein Tag ist wie der andere<\/a><\/li>\r\n\r\n\r\n\r\n<li><a href=\"https:\/\/www.lebenx0.de\/kunst_und_wissenschaft\/\">Ist das Kunst oder kann das Wissenschaft?<\/a><\/li>\r\n<\/ul>\r\n\r\n\r\n\r\n<p class=\"has-luminous-vivid-orange-background-color has-background\"><strong>Seminarleitung<\/strong>: Lisa Leander<br>Sommersemester 2021<\/p>\r\n","protected":false},"excerpt":{"rendered":"<p>Im Rahmen der Lehrveranstaltung Medien- und \u00d6ffentlichkeitsarbeit haben Studierende in Zusammenarbeit mit dem Museum f\u00fcr Kommunikation verschiedene Perspektiven auf die Konzeption, Durchf\u00fchrung und Kommunikation der \u201eBack to Future\u201c Ausstellung erarbeitet und in Blogbeitr\u00e4gen zusammengef\u00fchrt. Beitr\u00e4ge Seminarleitung: Lisa LeanderSommersemester 2021<\/p>\n","protected":false},"author":6,"featured_media":2968,"parent":0,"menu_order":0,"comment_status":"closed","ping_status":"closed","template":"","meta":{"footnotes":""},"class_list":{"0":"post-2966","1":"page","2":"type-page","3":"status-publish","4":"has-post-thumbnail","6":"entry"},"_links":{"self":[{"href":"https:\/\/medienplattform.wmk-karlsruhe.de\/wmk-karlsruhe-de-medienplattform\/wp-json\/wp\/v2\/pages\/2966"}],"collection":[{"href":"https:\/\/medienplattform.wmk-karlsruhe.de\/wmk-karlsruhe-de-medienplattform\/wp-json\/wp\/v2\/pages"}],"about":[{"href":"https:\/\/medienplattform.wmk-karlsruhe.de\/wmk-karlsruhe-de-medienplattform\/wp-json\/wp\/v2\/types\/page"}],"author":[{"embeddable":true,"href":"https:\/\/medienplattform.wmk-karlsruhe.de\/wmk-karlsruhe-de-medienplattform\/wp-json\/wp\/v2\/users\/6"}],"replies":[{"embeddable":true,"href":"https:\/\/medienplattform.wmk-karlsruhe.de\/wmk-karlsruhe-de-medienplattform\/wp-json\/wp\/v2\/comments?post=2966"}],"version-history":[{"count":5,"href":"https:\/\/medienplattform.wmk-karlsruhe.de\/wmk-karlsruhe-de-medienplattform\/wp-json\/wp\/v2\/pages\/2966\/revisions"}],"predecessor-version":[{"id":3096,"href":"https:\/\/medienplattform.wmk-karlsruhe.de\/wmk-karlsruhe-de-medienplattform\/wp-json\/wp\/v2\/pages\/2966\/revisions\/3096"}],"wp:featuredmedia":[{"embeddable":true,"href":"https:\/\/medienplattform.wmk-karlsruhe.de\/wmk-karlsruhe-de-medienplattform\/wp-json\/wp\/v2\/media\/2968"}],"wp:attachment":[{"href":"https:\/\/medienplattform.wmk-karlsruhe.de\/wmk-karlsruhe-de-medienplattform\/wp-json\/wp\/v2\/media?parent=2966"}],"curies":[{"name":"wp","href":"https:\/\/api.w.org\/{rel}","templated":true}]}}