{"id":59,"date":"2014-06-10T17:50:56","date_gmt":"2014-06-10T15:50:56","guid":{"rendered":"http:\/\/sei-haltbar.de\/?page_id=59"},"modified":"2018-03-13T13:16:53","modified_gmt":"2018-03-13T11:16:53","slug":"impressum","status":"publish","type":"page","link":"https:\/\/medienplattform.wmk-karlsruhe.de\/sei-haltbar-de\/impressum\/","title":{"rendered":"Impressum"},"content":{"rendered":"<h2>Anbieter<\/h2>\n<p>Diensteanbieter im Sinne von \u00a75 Telemediengesetz (TMG) und \u00a755 Rundfunkstaatsvertrag (RStV):<\/p>\n<table border=\"0\" width=\"75%\" cellspacing=\"1\" cellpadding=\"1\">\n<tbody>\n<tr>\n<td>Rechtlicher Sitz:<\/td>\n<td>Wissenschaft \u2013 Medien \u2013 Kommunikation<\/p>\n<p>Englerstra\u00dfe 2<br \/>\nD-76131 Karlsruhe<br \/>\nTelefon: +49 721 608-41655<br \/>\nE-Mail: <a href=\"mailto:service@wmk-karlsruhe.de\">service@wmk-karlsruhe de<\/a>\n<\/td>\n<\/tr>\n<tr>\n<td>Rechtsform:<\/td>\n<td>K\u00f6rperschaft des \u00f6ffentlichen Rechts<\/td>\n<\/tr>\n<tr>\n<td>Vertretungsberechtigt:<\/td>\n<td>Prof. Dr. Holger Hanselka (Pr\u00e4sident des KIT)<\/td>\n<\/tr>\n<tr>\n<td>Verantwortlich f\u00fcr den Inhalt:<\/td>\n<td>Prof. Dr. Annette Le\u00dfm\u00f6llmann<\/td>\n<\/tr>\n<tr>\n<td>Umsatzsteueridentifikationsnummer<\/td>\n<td>DE266749428<\/td>\n<\/tr>\n<\/tbody>\n<\/table>\n<h2>Copyright<\/h2>\n<p>F\u00fcr die Internet-Seiten des Karlsruher Instituts f\u00fcr Technologie liegen Copyright und alle weiteren Rechte beim Karlsruher Institut f\u00fcr Technologie, Kaiserstra\u00dfe 12, 76131 Karlsruhe, Deutschland. Weiterverbreitung, auch in Ausz\u00fcgen, f\u00fcr p\u00e4dagogische, wissenschaftliche oder private Zwecke ist unter Angabe der Quelle gestattet (sofern nicht anders an der entsprechenden Stelle ausdr\u00fccklich angegeben). Eine Verwendung im gewerblichen Bereich bedarf der Genehmigung durch das Karlsruher Institut f\u00fcr Technologie. Ansprechpartner ist die <a style=\"color: #009682\" href=\"mailto:info@kit.edu\" target=\"_blank\"> Dienstleistungseinheit Presse, Kommunikation und Marketing<\/a>.<\/p>\n<h2>Haftung<\/h2>\n<p>Diese Internetseiten dienen lediglich der Information. Ihr Inhalt wurde mit geb\u00fchrender Sorgfalt zusammengestellt. Das Karlsruher Institut f\u00fcr Technologie \u00fcbernimmt aber keine Garantie, weder ausdr\u00fccklich noch implizit, f\u00fcr die Art oder Richtigkeit des dargebotenen Materials und \u00fcbernimmt keine Haftung (einschlie\u00dflich Haftung f\u00fcr indirekten Verlust oder Gewinn- oder Umsatzverluste) bez\u00fcglich des Materials bzw. der Nutzung dieses Materials. Sollten Inhalte von Web-Seiten des Karlsruher Instituts f\u00fcr Technologie gegen geltende Rechtsvorschriften versto\u00dfen, dann bitten wir um umgehende Benachrichtigung. Wir werden die Seite oder den betreffenden Inhalt dann schnellstm\u00f6glich entfernen.<\/p>\n<h2>Verweise auf externe Web-Seiten<\/h2>\n<p>Die Web-Seiten des Karlsruher Instituts f\u00fcr Technologie enthalten Verweise (Links) zu Informationsangeboten auf Servern, die nicht der Kontrolle und Verantwortlichkeit des Karlsruher Instituts f\u00fcr Technologies unterliegen. Das Karlsruher Institut f\u00fcr Technologie \u00fcbernimmt keine Verantwortung und keine Garantie f\u00fcr diese Informationen und billigt oder unterst\u00fctzt diese auch nicht inhaltlich.<\/p>\n<h2>Datenschutz und IT-Sicherheit<\/h2>\n<p>Das Karlsruher Institut f\u00fcr Technologie verpflichtet sich, die Privatsph\u00e4re aller Personen zu sch\u00fctzen, die unsere Site nutzen, und die uns \u00fcberlassenen personenbezogenen Daten vertraulich zu behandeln. Die Daten werden ausschlie\u00dflich f\u00fcr die jeweils angegebenen Zwecke verwendet und nicht an Dritte weitergegeben. Ihre Daten werden gel\u00f6scht, sobald sie dem angegebenen Zweck gedient haben.<\/p>\n<p>Verschl\u00fcsselungstechniken werden auf unseren Internetseiten derzeit nur zur Authentifizierung eingesetzt. Sie m\u00fcssen also damit rechnen, dass Ihre Angaben auf dem Wege zu uns Unbefugten zur Kenntnis kommen. Wenn Sie dies vermeiden wollen, so wenden Sie sich bitte auf anderem Wege an die jeweils angegebene Kontaktstelle oder Kontaktperson. Zur Aufrechterhaltung Ihrer Sitzung kann es u. U. notwendig sein, ein Cookie zu setzen. Ihre Web-Browser- oder Client-Software \u00fcbertr\u00e4gt m\u00f6glicherweise ohne Ihr Zutun Informationen \u00fcber Ihren Rechner (beispielsweise IP-Adresse) an unsere Server. Derartige Informationen werden niemals direkt mit Ihnen in Verbindung gebracht sondern nur in anonymer Form f\u00fcr Zwecke der Statistik, der Systemverwaltung oder der Verbesserung der Leistungsf\u00e4higkeit unseres Internet-Angebotes ausgewertet. Sollten Sie weitere Fragen zu unseren Datenschutz-Standards haben, wenden Sie sich bitte an unseren <a style=\"color: #009682\" href=\"mailto:datenschutzbeauftragter@kit.edu\" target=\"_blank\">Datenschutzbeauftragten<\/a>. M\u00f6chten Sie sich \u00fcber die Konzepte und technische Realisierung unserer IT-Sicherheit informieren, wenden Sie sich bitte an unseren <a style=\"color: #009682\" href=\"mailto:it-sicherheitsbeauftragter@kit.edu\" target=\"_blank\">IT Sicherheitsbeauftragten<\/a>.<\/p>\n<h2>Urheberrecht<\/h2>\n<p>Die durch die Seitenbetreiber erstellten Inhalte und Werke auf diesen Seiten unterliegen dem deutschen Urheberrecht. Die Vervielf\u00e4ltigung, Bearbeitung, Verbreitung und jede Art der Verwertung au\u00dferhalb der Grenzen des Urheberrechtes bed\u00fcrfen der schriftlichen Zustimmung des jeweiligen Autors bzw. Erstellers. Downloads und Kopien dieser Seite sind nur f\u00fcr den privaten, nicht kommerziellen Gebrauch gestattet. Soweit die Inhalte auf dieser Seite nicht vom Betreiber erstellt wurden, werden die Urheberrechte Dritter beachtet. Insbesondere werden Inhalte Dritter als solche gekennzeichnet. Sollten Sie trotzdem auf eine Urheberrechtsverletzung aufmerksam werden, bitten wir um einen entsprechenden Hinweis. Bei Bekanntwerden von Rechtsverletzungen werden wir derartige Inhalte umgehend entfernen.<\/p>\n","protected":false},"excerpt":{"rendered":"<p>Anbieter Diensteanbieter im Sinne von \u00a75 Telemediengesetz (TMG) und \u00a755 Rundfunkstaatsvertrag (RStV): Rechtlicher Sitz: Wissenschaft \u2013 Medien \u2013 Kommunikation Englerstra\u00dfe 2 D-76131 Karlsruhe Telefon: +49 721 608-41655 E-Mail: service@wmk-karlsruhe de Rechtsform: K\u00f6rperschaft des \u00f6ffentlichen Rechts Vertretungsberechtigt: Prof. Dr. Holger Hanselka<\/p>\n","protected":false},"author":2,"featured_media":0,"parent":0,"menu_order":0,"comment_status":"open","ping_status":"closed","template":"","meta":{"footnotes":""},"class_list":["post-59","page","type-page","status-publish","hentry"],"_links":{"self":[{"href":"https:\/\/medienplattform.wmk-karlsruhe.de\/sei-haltbar-de\/wp-json\/wp\/v2\/pages\/59"}],"collection":[{"href":"https:\/\/medienplattform.wmk-karlsruhe.de\/sei-haltbar-de\/wp-json\/wp\/v2\/pages"}],"about":[{"href":"https:\/\/medienplattform.wmk-karlsruhe.de\/sei-haltbar-de\/wp-json\/wp\/v2\/types\/page"}],"author":[{"embeddable":true,"href":"https:\/\/medienplattform.wmk-karlsruhe.de\/sei-haltbar-de\/wp-json\/wp\/v2\/users\/2"}],"replies":[{"embeddable":true,"href":"https:\/\/medienplattform.wmk-karlsruhe.de\/sei-haltbar-de\/wp-json\/wp\/v2\/comments?post=59"}],"version-history":[{"count":2,"href":"https:\/\/medienplattform.wmk-karlsruhe.de\/sei-haltbar-de\/wp-json\/wp\/v2\/pages\/59\/revisions"}],"predecessor-version":[{"id":754,"href":"https:\/\/medienplattform.wmk-karlsruhe.de\/sei-haltbar-de\/wp-json\/wp\/v2\/pages\/59\/revisions\/754"}],"wp:attachment":[{"href":"https:\/\/medienplattform.wmk-karlsruhe.de\/sei-haltbar-de\/wp-json\/wp\/v2\/media?parent=59"}],"curies":[{"name":"wp","href":"https:\/\/api.w.org\/{rel}","templated":true}]}}